{"id":93,"date":"2024-09-03T20:27:10","date_gmt":"2024-09-03T18:27:10","guid":{"rendered":"https:\/\/www.difosis.com\/it\/?page_id=93"},"modified":"2024-09-03T20:41:03","modified_gmt":"2024-09-03T18:41:03","slug":"informativa-sulla-privacy","status":"publish","type":"page","link":"https:\/\/www.difosis.com\/it\/informativa-sulla-privacy\/","title":{"rendered":"Informativa sulla privacy"},"content":{"rendered":"\n<p><strong>Informativa sulla privacy<\/strong><\/p>\n\n\n\n<p>Se siete clienti, iscritti alla newsletter o visitatori del sito web, ci affidate i vostri dati personali. Siamo responsabili della loro protezione e sicurezza. Vi invitiamo a familiarizzare con la protezione dei dati, i principi e i diritti che avete in relazione al GDPR (Regolamento generale sulla protezione dei dati).<\/p>\n\n\n\n<p><strong>Chi \u00e8 l&#8217;amministratore?<\/strong><\/p>\n\n\n\n<p>L&#8217;amministratore \u00e8 la societ\u00e0 DIFOSIS, SE con sede legale in Z\u00e1mock\u00e1 8, 811 01 Bratislava, Sezione: Po, Inserto n. 8833\/B, iscritta nel registro del Tribunale Municipale di Bratislava III, ID n.: 54 304 695, che gestisce il sito web www.difosis.com. Trattiamo i vostri dati personali in qualit\u00e0 di responsabile del trattamento, ossia stabiliamo come verranno trattati i dati personali e per quale scopo, per quanto tempo, e selezioniamo eventuali altri responsabili del trattamento che ci assisteranno nell&#8217;elaborazione.<\/p>\n\n\n\n<p><strong>Dettagli di contatto<\/strong><\/p>\n\n\n\n<p>Se desiderate contattarci durante l&#8217;elaborazione, potete contattarci via e-mail: info@difosis.com<\/p>\n\n\n\n<p><strong>Annuncio<\/strong><\/p>\n\n\n\n<p>Dichiariamo che, in qualit\u00e0 di titolare del trattamento dei vostri dati personali, rispettiamo tutti gli obblighi legali previsti dalla legge applicabile, in particolare la legge sulla protezione dei dati e il GDPR, e pertanto che:<\/p>\n\n\n\n<ul class=\"wp-block-list\">\n<li>tratteremo i vostri dati personali solo sulla base di un valido motivo legale, in particolare un interesse legittimo, l&#8217;esecuzione di un contratto, un obbligo legale o il consenso,<\/li>\n\n\n\n<li>adempieremo all&#8217;obbligo di informazione di cui all&#8217;articolo 13 del GDPR prima di trattare i dati personali,<\/li>\n\n\n\n<li>vi consentiremo e vi supporteremo nell&#8217;esercizio e nell&#8217;adempimento dei vostri diritti ai sensi della legge sulla protezione dei dati e del GDPR.<\/li>\n<\/ul>\n\n\n\n<p><strong>Ambito dei dati personali e finalit\u00e0 del trattamento<\/strong><\/p>\n\n\n\n<p>Trattiamo i dati personali che ci affidate per i seguenti motivi (per adempiere a queste finalit\u00e0):<\/p>\n\n\n\n<ul class=\"wp-block-list\">\n<li><strong>fornitura di servizi, esecuzione del contratto \u200di vostri<\/strong><br>dati personali nell&#8217;ambito di: e-mail, telefono, di cui abbiamo bisogno per l&#8217;esecuzione del contratto (ad es. negoziazione di obbligazioni,&#8230;).<\/li>\n\n\n\n<li><strong>Contabilit\u00e0 \u200dSe<\/strong><br>siete un cliente, abbiamo necessariamente bisogno dei vostri dati personali (dati<br>di fatturazione) per adempiere all&#8217;obbligo legale di emettere e registrare i documenti fiscali.<\/li>\n\n\n\n<li><strong>marketing &#8211; contatto telefonico, invio di newsletter \u200d<\/strong><br>Utilizziamo i vostri dati personali (telefono, e-mail, nome), ci\u00f2 che cliccate nell&#8217;e-mail e quando la aprite, il pi\u00f9 delle volte per scopi di marketing diretto &#8211; invio di comunicazioni commerciali. Se siete nostri clienti, lo facciamo per interesse legittimo, perch\u00e9 presumiamo ragionevolmente che siate interessati alle nostre newsletter fino a quando non vi disiscrivete. Se non siete nostri clienti, vi inviamo le newsletter solo sulla base del vostro consenso fino a quando non vi cancellate. In entrambi i casi, potete revocare il consenso utilizzando il link di annullamento dell&#8217;iscrizione in qualsiasi e-mail che vi inviamo, oppure potete richiederlo quando ci contattate telefonicamente.<\/li>\n\n\n\n<li><strong>marketing avanzato basato sul consenso<\/strong> \u200dSolo con il vostro consenso, possiamo anche inviarvi offerte di ispirazione da parte di terzi o utilizzare il vostro indirizzo e-mail, ad esempio, per il re-marketing e il targeting degli annunci di Facebook fino a quando non vi cancellerete. Naturalmente \u00e8 possibile revocare il consenso in qualsiasi momento tramite i nostri recapiti.<\/li>\n\n\n\n<li><strong>Documentazione fotografica, referenze<\/strong><br>\u00a0\u200dPossiamo utilizzare le vostre fotografie, referenze, feedback, ecc. solo con il vostro consenso fino a quando non lo ritirerete. Conserviamo i vostri dati personali per la durata dei periodi di prescrizione, a meno che la legge non preveda un periodo di conservazione pi\u00f9 lungo o che noi non abbiamo stabilito diversamente in casi specifici.<\/li>\n<\/ul>\n\n\n\n<p><strong>Sicurezza e privacy<\/strong><\/p>\n\n\n\n<p>Proteggiamo i dati personali nella misura massima possibile, utilizzando tecnologie moderne che corrispondono all&#8217;attuale stato dell&#8217;arte. Li proteggiamo come se fossero nostri. Abbiamo adottato e manteniamo tutte le misure tecniche e organizzative possibili (attualmente conosciute) per evitare l&#8217;abuso, il danneggiamento o la distruzione dei vostri dati personali.<\/p>\n\n\n\n<p><strong>Trasferimento di dati personali a terzi<\/strong><\/p>\n\n\n\n<p>I vostri dati personali sono accessibili ai nostri dipendenti e collaboratori. Per le operazioni di trattamento specifiche che non siamo in grado di fornire noi stessi, utilizziamo i servizi e le applicazioni di elaboratori che sono ancora pi\u00f9 bravi di noi nella protezione dei dati e specializzati nel trattamento in questione. Questi fornitori includono, ad esempio<\/p>\n\n\n\n<ul class=\"wp-block-list\">\n<li>Facebook &#8211; pixel FB<\/li>\n\n\n\n<li>Google &#8211; Google Analytics e Adwords<\/li>\n<\/ul>\n\n\n\n<p>\u00c8 possibile che in futuro decideremo di utilizzare altre applicazioni o processori per facilitare e migliorare la qualit\u00e0 dell&#8217;elaborazione. Tuttavia, vi promettiamo che, in tal caso, esiger\u00f2 dall&#8217;elaboratore almeno gli stessi requisiti di sicurezza e qualit\u00e0 dell&#8217;elaborazione che esigo da me stesso.<\/p>\n\n\n\n<p><strong>Trasferimento dei dati al di fuori dell&#8217;Unione Europea<\/strong><\/p>\n\n\n\n<p>Trattiamo i dati solo nell&#8217;Unione Europea o in paesi che garantiscono un livello di protezione adeguato in base a una decisione della Commissione Europea.<\/p>\n\n\n\n<p><strong>Diritti dell&#8217;utente in relazione alla protezione dei dati personali<\/strong><\/p>\n\n\n\n<p>L&#8217;utente ha una serie di diritti in relazione alla protezione dei dati. Se desiderate esercitare uno di questi diritti, contattateci via e-mail:.<\/p>\n\n\n\n<p>Avete il <strong>diritto all&#8217;informazione, che <\/strong>\u00e8 gi\u00e0 soddisfatta in questa pagina informativa con i principi del trattamento dei dati personali.<\/p>\n\n\n\n<p>Grazie al <strong>diritto di accesso<\/strong>, potete chiederci in qualsiasi momento e vi forniremo entro 14 giorni le prove di quali dati personali trattiamo e perch\u00e9.<\/p>\n\n\n\n<p>Se qualcosa cambia o se scoprite che i vostri dati personali sono obsoleti o incompleti, avete il <strong>diritto di farli completare <\/strong>e modificare.<\/p>\n\n\n\n<p>Potete esercitare il diritto alla <strong>limitazione del <\/strong>trattamento se ritenete che stiamo trattando i vostri dati in modo inesatto, se ritenete che stiamo trattando i vostri dati in modo illegale ma non volete che cancelliamo tutti i vostri dati, o se vi siete opposti al trattamento.<\/p>\n\n\n\n<p>Potete limitare la portata dei dati personali o le finalit\u00e0 del trattamento (ad esempio, cancellandovi dalla newsletter, limitate la finalit\u00e0 del trattamento all&#8217;invio di comunicazioni commerciali).<\/p>\n\n\n\n<p><strong>Diritto alla portabilit\u00e0<\/strong><\/p>\n\n\n\n<p><br>&nbsp; Se desiderate prendere i vostri dati personali e trasferirli a qualcun altro, seguiremo la stessa procedura prevista per l&#8217;esercizio del diritto di accesso, con la differenza che vi forniremo le informazioni in forma leggibile a macchina. In questo caso, abbiamo bisogno di almeno 30 giorni.<\/p>\n\n\n\n<p><strong>Diritto alla cancellazione<\/strong><\/p>\n\n\n\n<p>(da dimenticare)<\/p>\n\n\n\n<p><br>&nbsp; Un altro diritto che avete \u00e8 il diritto alla cancellazione (all&#8217;oblio). Non vogliamo dimenticarvi, ma se desiderate essere dimenticati, avete il diritto di farlo. In questo caso, cancelleremo tutti i vostri dati personali dal nostro sistema e da quello di tutti i subprocessori e backup. Abbiamo bisogno di 30 giorni per garantire il diritto alla cancellazione.<\/p>\n\n\n\n<p>In alcuni casi, siamo vincolati da un obbligo di legge e, ad esempio, dobbiamo conservare i documenti fiscali emessi per un periodo di tempo prescritto dalla legge. In questo caso, cancelleremo tutti i dati personali che non sono vincolati da un&#8217;altra legge. Vi informeremo via e-mail dell&#8217;avvenuta cancellazione.<\/p>\n\n\n\n<p><strong>Reclamo all&#8217;Autorit\u00e0 per la protezione dei dati personali<\/strong><\/p>\n\n\n\n<p>Se ritenete che non stiamo trattando i vostri dati in conformit\u00e0 alla legge, avete il diritto di presentare un reclamo all&#8217;Autorit\u00e0 per la protezione dei dati in qualsiasi momento. Saremmo molto lieti se ci informaste prima di tutto di questo sospetto, in modo da poter intervenire e correggere eventuali illeciti.<\/p>\n\n\n\n<p><strong>Cancellazione da newsletter e annunci commerciali<\/strong><\/p>\n\n\n\n<p>Se siete clienti, vi inviamo e-mail con ispirazioni, articoli o prodotti e servizi sulla base del nostro legittimo interesse.<br>&nbsp;Se non siete ancora clienti, ve le inviamo solo sulla base del vostro consenso. In entrambi i casi, potete smettere di ricevere le nostre e-mail facendo clic sul link di annullamento dell&#8217;iscrizione presente in ogni e-mail che inviamo.<\/p>\n\n\n\n<p><strong>Il silenzio<\/strong><\/p>\n\n\n\n<p>Vi assicuriamo che i nostri dipendenti e collaboratori che trattano i vostri dati personali sono tenuti a mantenere la riservatezza dei dati personali e delle misure di sicurezza, la cui divulgazione comprometterebbe la sicurezza dei vostri dati personali. Tale riservatezza permane anche dopo la fine del rapporto contrattuale con noi. I vostri dati personali non saranno divulgati a terzi senza il vostro consenso.<\/p>\n\n\n\n<p>Grazie per aver dedicato del tempo alla lettura di questa Informativa sulla privacy. Il presente documento \u00e8 in vigore dal 01.08.2024.<\/p>\n","protected":false},"excerpt":{"rendered":"<p>Informativa sulla privacy Se siete clienti, iscritti alla newsletter o visitatori del sito web, ci affidate i vostri dati personali.\u2026<\/p>\n","protected":false},"author":1,"featured_media":0,"parent":0,"menu_order":0,"comment_status":"closed","ping_status":"closed","template":"","meta":{"footnotes":""},"class_list":["post-93","page","type-page","status-publish","hentry"],"yoast_head":"<!-- This site is optimized with the Yoast SEO plugin v27.4 - https:\/\/yoast.com\/product\/yoast-seo-wordpress\/ -->\n<title>Informativa sulla privacy - Difosis<\/title>\n<meta name=\"robots\" content=\"index, follow, max-snippet:-1, max-image-preview:large, max-video-preview:-1\" \/>\n<link rel=\"canonical\" href=\"https:\/\/www.difosis.com\/it\/informativa-sulla-privacy\/\" \/>\n<meta property=\"og:locale\" content=\"it_IT\" \/>\n<meta property=\"og:type\" content=\"article\" \/>\n<meta property=\"og:title\" content=\"Informativa sulla privacy - Difosis\" \/>\n<meta property=\"og:description\" content=\"Informativa sulla privacy Se siete clienti, iscritti alla newsletter o visitatori del sito web, ci affidate i vostri dati personali.\u2026\" \/>\n<meta property=\"og:url\" content=\"https:\/\/www.difosis.com\/it\/informativa-sulla-privacy\/\" \/>\n<meta property=\"og:site_name\" content=\"Difosis\" \/>\n<meta property=\"article:modified_time\" content=\"2024-09-03T18:41:03+00:00\" \/>\n<meta name=\"twitter:card\" content=\"summary_large_image\" \/>\n<meta name=\"twitter:label1\" content=\"Tempo di lettura stimato\" \/>\n\t<meta name=\"twitter:data1\" content=\"6 minuti\" \/>\n<script type=\"application\/ld+json\" class=\"yoast-schema-graph\">{\"@context\":\"https:\\\/\\\/schema.org\",\"@graph\":[{\"@type\":\"WebPage\",\"@id\":\"https:\\\/\\\/www.difosis.com\\\/it\\\/informativa-sulla-privacy\\\/\",\"url\":\"https:\\\/\\\/www.difosis.com\\\/it\\\/informativa-sulla-privacy\\\/\",\"name\":\"Informativa sulla privacy - Difosis\",\"isPartOf\":{\"@id\":\"https:\\\/\\\/www.difosis.com\\\/it\\\/#website\"},\"datePublished\":\"2024-09-03T18:27:10+00:00\",\"dateModified\":\"2024-09-03T18:41:03+00:00\",\"breadcrumb\":{\"@id\":\"https:\\\/\\\/www.difosis.com\\\/it\\\/informativa-sulla-privacy\\\/#breadcrumb\"},\"inLanguage\":\"it-IT\",\"potentialAction\":[{\"@type\":\"ReadAction\",\"target\":[\"https:\\\/\\\/www.difosis.com\\\/it\\\/informativa-sulla-privacy\\\/\"]}]},{\"@type\":\"BreadcrumbList\",\"@id\":\"https:\\\/\\\/www.difosis.com\\\/it\\\/informativa-sulla-privacy\\\/#breadcrumb\",\"itemListElement\":[{\"@type\":\"ListItem\",\"position\":1,\"name\":\"Domovsk\u00e1 str\u00e1nka\",\"item\":\"https:\\\/\\\/www.difosis.com\\\/it\\\/\"},{\"@type\":\"ListItem\",\"position\":2,\"name\":\"Informativa sulla privacy\"}]},{\"@type\":\"WebSite\",\"@id\":\"https:\\\/\\\/www.difosis.com\\\/it\\\/#website\",\"url\":\"https:\\\/\\\/www.difosis.com\\\/it\\\/\",\"name\":\"Difosis\",\"description\":\"\",\"potentialAction\":[{\"@type\":\"SearchAction\",\"target\":{\"@type\":\"EntryPoint\",\"urlTemplate\":\"https:\\\/\\\/www.difosis.com\\\/it\\\/?s={search_term_string}\"},\"query-input\":{\"@type\":\"PropertyValueSpecification\",\"valueRequired\":true,\"valueName\":\"search_term_string\"}}],\"inLanguage\":\"it-IT\"}]}<\/script>\n<!-- \/ Yoast SEO plugin. -->","yoast_head_json":{"title":"Informativa sulla privacy - Difosis","robots":{"index":"index","follow":"follow","max-snippet":"max-snippet:-1","max-image-preview":"max-image-preview:large","max-video-preview":"max-video-preview:-1"},"canonical":"https:\/\/www.difosis.com\/it\/informativa-sulla-privacy\/","og_locale":"it_IT","og_type":"article","og_title":"Informativa sulla privacy - Difosis","og_description":"Informativa sulla privacy Se siete clienti, iscritti alla newsletter o visitatori del sito web, ci affidate i vostri dati personali.\u2026","og_url":"https:\/\/www.difosis.com\/it\/informativa-sulla-privacy\/","og_site_name":"Difosis","article_modified_time":"2024-09-03T18:41:03+00:00","twitter_card":"summary_large_image","twitter_misc":{"Tempo di lettura stimato":"6 minuti"},"schema":{"@context":"https:\/\/schema.org","@graph":[{"@type":"WebPage","@id":"https:\/\/www.difosis.com\/it\/informativa-sulla-privacy\/","url":"https:\/\/www.difosis.com\/it\/informativa-sulla-privacy\/","name":"Informativa sulla privacy - Difosis","isPartOf":{"@id":"https:\/\/www.difosis.com\/it\/#website"},"datePublished":"2024-09-03T18:27:10+00:00","dateModified":"2024-09-03T18:41:03+00:00","breadcrumb":{"@id":"https:\/\/www.difosis.com\/it\/informativa-sulla-privacy\/#breadcrumb"},"inLanguage":"it-IT","potentialAction":[{"@type":"ReadAction","target":["https:\/\/www.difosis.com\/it\/informativa-sulla-privacy\/"]}]},{"@type":"BreadcrumbList","@id":"https:\/\/www.difosis.com\/it\/informativa-sulla-privacy\/#breadcrumb","itemListElement":[{"@type":"ListItem","position":1,"name":"Domovsk\u00e1 str\u00e1nka","item":"https:\/\/www.difosis.com\/it\/"},{"@type":"ListItem","position":2,"name":"Informativa sulla privacy"}]},{"@type":"WebSite","@id":"https:\/\/www.difosis.com\/it\/#website","url":"https:\/\/www.difosis.com\/it\/","name":"Difosis","description":"","potentialAction":[{"@type":"SearchAction","target":{"@type":"EntryPoint","urlTemplate":"https:\/\/www.difosis.com\/it\/?s={search_term_string}"},"query-input":{"@type":"PropertyValueSpecification","valueRequired":true,"valueName":"search_term_string"}}],"inLanguage":"it-IT"}]}},"_links":{"self":[{"href":"https:\/\/www.difosis.com\/it\/wp-json\/wp\/v2\/pages\/93","targetHints":{"allow":["GET"]}}],"collection":[{"href":"https:\/\/www.difosis.com\/it\/wp-json\/wp\/v2\/pages"}],"about":[{"href":"https:\/\/www.difosis.com\/it\/wp-json\/wp\/v2\/types\/page"}],"author":[{"embeddable":true,"href":"https:\/\/www.difosis.com\/it\/wp-json\/wp\/v2\/users\/1"}],"replies":[{"embeddable":true,"href":"https:\/\/www.difosis.com\/it\/wp-json\/wp\/v2\/comments?post=93"}],"version-history":[{"count":2,"href":"https:\/\/www.difosis.com\/it\/wp-json\/wp\/v2\/pages\/93\/revisions"}],"predecessor-version":[{"id":97,"href":"https:\/\/www.difosis.com\/it\/wp-json\/wp\/v2\/pages\/93\/revisions\/97"}],"wp:attachment":[{"href":"https:\/\/www.difosis.com\/it\/wp-json\/wp\/v2\/media?parent=93"}],"curies":[{"name":"wp","href":"https:\/\/api.w.org\/{rel}","templated":true}]}}