{"id":204,"date":"2024-09-03T20:28:26","date_gmt":"2024-09-03T18:28:26","guid":{"rendered":"https:\/\/www.difosis.com\/fr\/?page_id=204"},"modified":"2024-09-03T20:38:03","modified_gmt":"2024-09-03T18:38:03","slug":"politique-de-confidentialite","status":"publish","type":"page","link":"https:\/\/www.difosis.com\/fr\/politique-de-confidentialite\/","title":{"rendered":"Politique de confidentialit\u00e9"},"content":{"rendered":"\n<p><strong>Politique de confidentialit\u00e9<\/strong><\/p>\n\n\n\n<p>Si vous \u00eates un client, un abonn\u00e9 au bulletin d&#8217;information ou un visiteur du site web, vous nous confiez vos donn\u00e9es personnelles. Nous sommes responsables de leur protection et de leur s\u00e9curit\u00e9. Veuillez vous familiariser avec la protection des donn\u00e9es, les principes et les droits dont vous disposez en relation avec le RGPD (R\u00e8glement g\u00e9n\u00e9ral sur la protection des donn\u00e9es).<\/p>\n\n\n\n<p><strong>Qui est l&#8217;administrateur ?<\/strong><\/p>\n\n\n\n<p>L&#8217;administrateur est la soci\u00e9t\u00e9 DIFOSIS, SE dont le si\u00e8ge social est situ\u00e9 \u00e0 Z\u00e1mock\u00e1 8, 811 01 Bratislava, Section : Po, Insert No. 8833\/B, inscrite au registre du tribunal municipal de Bratislava III, ID No. : 54 304 695, qui exploite le site web www.difosis.com. Nous traitons vos donn\u00e9es \u00e0 caract\u00e8re personnel en tant que responsable du traitement, c&#8217;est-\u00e0-dire que nous d\u00e9terminons comment les donn\u00e9es \u00e0 caract\u00e8re personnel seront trait\u00e9es, dans quel but et pendant combien de temps, et nous s\u00e9lectionnons tout autre sous-traitant qui nous aidera dans le cadre du traitement.<\/p>\n\n\n\n<p><strong>Coordonn\u00e9es de la personne \u00e0 contacter<\/strong><\/p>\n\n\n\n<p>Si vous souhaitez nous contacter en cours de traitement, vous pouvez le faire par courrier \u00e9lectronique : info@difosis.com<\/p>\n\n\n\n<p><strong>Annonce<\/strong><\/p>\n\n\n\n<p>Nous d\u00e9clarons qu&#8217;en tant que responsable du traitement de vos donn\u00e9es \u00e0 caract\u00e8re personnel, nous respectons toutes les obligations l\u00e9gales requises par la l\u00e9gislation applicable, en particulier la loi sur la protection des donn\u00e9es et le GDPR, et donc que :<\/p>\n\n\n\n<ul class=\"wp-block-list\">\n<li>nous ne traiterons vos donn\u00e9es \u00e0 caract\u00e8re personnel que sur la base d&#8217;un motif juridique valable, en particulier un int\u00e9r\u00eat l\u00e9gitime, l&#8217;ex\u00e9cution d&#8217;un contrat, une obligation l\u00e9gale ou un consentement,<\/li>\n\n\n\n<li>nous nous conformerons \u00e0 l&#8217;obligation d&#8217;information pr\u00e9vue \u00e0 l&#8217;article 13 du RGPD avant de traiter des donn\u00e9es \u00e0 caract\u00e8re personnel,<\/li>\n\n\n\n<li>nous vous permettons d&#8217;exercer et de respecter vos droits en vertu de la loi sur la protection des donn\u00e9es et du GDPR, et nous vous aidons \u00e0 le faire.<\/li>\n<\/ul>\n\n\n\n<p><strong>Champ d&#8217;application des donn\u00e9es \u00e0 caract\u00e8re personnel et finalit\u00e9s du traitement<\/strong><\/p>\n\n\n\n<p>Nous traitons les donn\u00e9es \u00e0 caract\u00e8re personnel que vous nous confiez pour les raisons suivantes (pour atteindre ces objectifs) :<\/p>\n\n\n\n<ul class=\"wp-block-list\">\n<li><strong>fourniture de services, ex\u00e9cution du contrat \u200dvos<\/strong><br>donn\u00e9es personnelles dans le cadre de : e-mail, t\u00e9l\u00e9phone, dont nous avons besoin pour l&#8217;ex\u00e9cution du contrat (par exemple, n\u00e9gociations de cautionnement,&#8230;).<\/li>\n\n\n\n<li><strong>Comptabilit\u00e9 \u200dSi<\/strong><br>vous \u00eates client, nous avons n\u00e9cessairement besoin de vos donn\u00e9es personnelles (donn\u00e9es de<br>facturation) afin de remplir notre obligation l\u00e9gale d&#8217;\u00e9mettre et d&#8217;enregistrer les documents fiscaux.<\/li>\n\n\n\n<li><strong>marketing &#8211; contact t\u00e9l\u00e9phonique, envoi de lettres d&#8217;information \u200d<\/strong><br>Nous utilisons vos donn\u00e9es personnelles (t\u00e9l\u00e9phone, e-mail, nom), ce sur quoi vous cliquez dans l&#8217;e-mail et quand vous l&#8217;ouvrez, le plus souvent \u00e0 des fins de marketing direct &#8211; en vous envoyant des communications commerciales. Si vous \u00eates l&#8217;un de nos clients, nous le faisons par int\u00e9r\u00eat l\u00e9gitime, car nous supposons raisonnablement que vous \u00eates int\u00e9ress\u00e9 par nos bulletins d&#8217;information jusqu&#8217;\u00e0 ce que vous vous d\u00e9sinscriviez. Si vous n&#8217;\u00eates pas notre client, nous vous envoyons des bulletins d&#8217;information uniquement sur la base de votre consentement, jusqu&#8217;\u00e0 ce que vous vous d\u00e9sinscriviez. Dans les deux cas, vous pouvez retirer ce consentement en utilisant le lien de d\u00e9sinscription figurant dans les courriels que nous vous envoyons, ou vous pouvez le demander lorsque vous nous contactez par t\u00e9l\u00e9phone.<\/li>\n\n\n\n<li><strong>marketing avanc\u00e9 bas\u00e9 sur le consentement<\/strong> \u200dOnly with your consent, we may also send you inspirational offers from third parties or use your email address for e.g. re-marketing and targeting of Facebook ads until you unsubscribe yourself. Vous pouvez bien entendu retirer ce consentement \u00e0 tout moment via nos coordonn\u00e9es.<\/li>\n\n\n\n<li><strong>Documentation photographique, r\u00e9f\u00e9rences \u200dNous<\/strong><br>ne pouvons utiliser vos photographies, r\u00e9f\u00e9rences, commentaires, etc. qu&#8217;avec votre consentement et jusqu&#8217;\u00e0 ce que vous le retiriez. Nous conservons vos donn\u00e9es \u00e0 caract\u00e8re personnel pour la dur\u00e9e des d\u00e9lais de prescription, sauf si la loi pr\u00e9voit une dur\u00e9e de conservation plus longue ou si nous en avons d\u00e9cid\u00e9 autrement dans des cas sp\u00e9cifiques.<\/li>\n<\/ul>\n\n\n\n<p><strong>S\u00e9curit\u00e9 et protection des donn\u00e9es<\/strong><\/p>\n\n\n\n<p>Nous prot\u00e9geons les donn\u00e9es personnelles dans toute la mesure du possible en utilisant des technologies modernes correspondant \u00e0 l&#8217;\u00e9tat actuel de la technique. Nous les prot\u00e9geons comme s&#8217;il s&#8217;agissait de nos propres donn\u00e9es. Nous avons adopt\u00e9 et maintenons toutes les mesures techniques et organisationnelles possibles (actuellement connues) pour emp\u00eacher l&#8217;utilisation abusive, l&#8217;endommagement ou la destruction de vos donn\u00e9es personnelles.<\/p>\n\n\n\n<p><strong>Transfert de donn\u00e9es \u00e0 caract\u00e8re personnel \u00e0 des tiers<\/strong><\/p>\n\n\n\n<p>Nos employ\u00e9s et associ\u00e9s peuvent avoir acc\u00e8s \u00e0 vos donn\u00e9es personnelles. Pour les traitements sp\u00e9cifiques que nous ne sommes pas en mesure d&#8217;effectuer nous-m\u00eames, nous utilisons les services et les applications de sous-traitants qui sont encore plus comp\u00e9tents que nous en mati\u00e8re de protection des donn\u00e9es et qui sont sp\u00e9cialis\u00e9s dans le traitement en question. Ces prestataires sont par exemple<\/p>\n\n\n\n<ul class=\"wp-block-list\">\n<li>Facebook &#8211; pixel FB<\/li>\n\n\n\n<li>Google &#8211; Google Analytics et Adwords<\/li>\n<\/ul>\n\n\n\n<p>Il est possible qu&#8217;\u00e0 l&#8217;avenir nous d\u00e9cidions d&#8217;utiliser d&#8217;autres applications ou processeurs pour faciliter et am\u00e9liorer la qualit\u00e9 du traitement. Toutefois, nous vous promettons que, dans un tel cas, j&#8217;imposerai au processeur au moins les m\u00eames exigences en mati\u00e8re de s\u00e9curit\u00e9 et de qualit\u00e9 du traitement que celles que je m&#8217;impose \u00e0 moi-m\u00eame.<\/p>\n\n\n\n<p><strong>Transfert de donn\u00e9es en dehors de l&#8217;Union europ\u00e9enne<\/strong><\/p>\n\n\n\n<p>Nous ne traitons les donn\u00e9es que dans l&#8217;Union europ\u00e9enne ou dans des pays qui offrent un niveau de protection ad\u00e9quat sur la base d&#8217;une d\u00e9cision de la Commission europ\u00e9enne.<\/p>\n\n\n\n<p><strong>Vos droits en mati\u00e8re de protection des donn\u00e9es personnelles<\/strong><\/p>\n\n\n\n<p>Vous disposez d&#8217;un certain nombre de droits en mati\u00e8re de protection des donn\u00e9es. Si vous souhaitez exercer l&#8217;un de ces droits, veuillez nous contacter par courrier \u00e9lectronique :.<\/p>\n\n\n\n<p>Vous avez <strong>le droit d&#8217;\u00eatre inform\u00e9, ce qui <\/strong>est d\u00e9j\u00e0 fait sur cette page d&#8217;information avec les principes du traitement des donn\u00e9es personnelles.<\/p>\n\n\n\n<p>Gr\u00e2ce au <strong>droit d&#8217;acc\u00e8s<\/strong>, vous pouvez nous interroger \u00e0 tout moment et nous vous fournirons, dans un d\u00e9lai de 14 jours, des preuves sur les donn\u00e9es \u00e0 caract\u00e8re personnel que nous traitons et sur les raisons de ce traitement.<\/p>\n\n\n\n<p>Si quelque chose change ou si vous d\u00e9couvrez que vos donn\u00e9es personnelles sont obsol\u00e8tes ou incompl\u00e8tes, vous avez le <strong>droit de faire compl\u00e9ter <\/strong>et modifier <strong>vos <\/strong>donn\u00e9es personnelles.<\/p>\n\n\n\n<p>Vous pouvez exercer votre droit \u00e0 la <strong>limitation du <\/strong>traitement si vous estimez que nous traitons vos donn\u00e9es de mani\u00e8re inexacte, si vous estimez que nous traitons vos donn\u00e9es de mani\u00e8re ill\u00e9gale mais que vous ne voulez pas que nous supprimions toutes vos donn\u00e9es, ou si vous vous \u00eates oppos\u00e9 au traitement.<\/p>\n\n\n\n<p>Vous pouvez limiter la port\u00e9e des donn\u00e9es \u00e0 caract\u00e8re personnel ou les finalit\u00e9s du traitement (par exemple, en vous d\u00e9sabonnant de la lettre d&#8217;information, vous limitez la finalit\u00e9 du traitement \u00e0 l&#8217;envoi de communications commerciales).<\/p>\n\n\n\n<p><strong>Droit \u00e0 la portabilit\u00e9<\/strong><\/p>\n\n\n\n<p><br>&nbsp; Si vous souhaitez transf\u00e9rer vos donn\u00e9es personnelles \u00e0 quelqu&#8217;un d&#8217;autre, nous suivrons la m\u00eame proc\u00e9dure que pour l&#8217;exercice de votre droit d&#8217;acc\u00e8s &#8211; sauf que nous vous fournirons les informations sous une forme lisible par machine. Dans ce cas, nous avons besoin d&#8217;au moins 30 jours.<\/p>\n\n\n\n<p><strong>Droit \u00e0 l&#8217;effacement<\/strong><\/p>\n\n\n\n<p>(\u00e0 oublier)<\/p>\n\n\n\n<p><br>&nbsp; Un autre droit dont vous disposez est le droit \u00e0 l&#8217;effacement (\u00e0 l&#8217;oubli). Nous ne voulons pas vous oublier, mais si vous souhaitez \u00eatre oubli\u00e9, vous avez le droit de le faire. Dans ce cas, nous supprimerons toutes vos donn\u00e9es personnelles de notre syst\u00e8me et du syst\u00e8me de tous les sous-traitants et sauvegardes. Nous avons besoin de 30 jours pour garantir le droit \u00e0 l&#8217;effacement.<\/p>\n\n\n\n<p>Dans certains cas, nous sommes li\u00e9s par une obligation l\u00e9gale et, par exemple, nous devons conserver les documents fiscaux \u00e9mis pendant une p\u00e9riode prescrite par la loi. Dans ce cas, nous supprimerons les donn\u00e9es \u00e0 caract\u00e8re personnel qui ne sont pas li\u00e9es \u00e0 une autre loi. Nous vous informerons par courrier \u00e9lectronique lorsque la suppression aura \u00e9t\u00e9 effectu\u00e9e.<\/p>\n\n\n\n<p><strong>Plainte aupr\u00e8s de l&#8217;autorit\u00e9 de protection des donn\u00e9es<\/strong><\/p>\n\n\n\n<p>Si vous estimez que nous ne traitons pas vos donn\u00e9es conform\u00e9ment \u00e0 la loi, vous avez le droit de vous plaindre \u00e0 tout moment aupr\u00e8s de l&#8217;autorit\u00e9 charg\u00e9e de la protection des donn\u00e9es. Nous serions tr\u00e8s heureux que vous nous informiez d&#8217;abord de ce soup\u00e7on afin que nous puissions y rem\u00e9dier et rectifier tout acte r\u00e9pr\u00e9hensible.<\/p>\n\n\n\n<p><strong>Se d\u00e9sabonner des lettres d&#8217;information et des annonces commerciales<\/strong><\/p>\n\n\n\n<p>Si vous \u00eates client, nous vous envoyons des courriels contenant de l&#8217;inspiration, des articles ou des produits et services sur la base de notre int\u00e9r\u00eat l\u00e9gitime.<br>&nbsp;Si vous n&#8217;\u00eates pas encore client, nous ne vous les envoyons que sur la base de votre consentement. Dans les deux cas, vous pouvez cesser de recevoir nos courriels en cliquant sur le lien de d\u00e9sinscription figurant dans tous les courriels que nous envoyons.<\/p>\n\n\n\n<p><strong>Le silence<\/strong><\/p>\n\n\n\n<p>Nous vous assurons que nos employ\u00e9s et associ\u00e9s qui traitent vos donn\u00e9es personnelles sont tenus de maintenir la confidentialit\u00e9 des donn\u00e9es personnelles et des mesures de s\u00e9curit\u00e9 dont la divulgation compromettrait la s\u00e9curit\u00e9 de vos donn\u00e9es personnelles. Cette confidentialit\u00e9 est maintenue m\u00eame apr\u00e8s la fin de la relation contractuelle avec nous. Vos donn\u00e9es personnelles ne seront pas divulgu\u00e9es \u00e0 des tiers sans votre consentement.<\/p>\n\n\n\n<p>Nous vous remercions d&#8217;avoir pris le temps de lire cette politique de confidentialit\u00e9. Ce document entre en vigueur le 01.08.2024.<\/p>\n","protected":false},"excerpt":{"rendered":"<p>Politique de confidentialit\u00e9 Si vous \u00eates un client, un abonn\u00e9 au bulletin d&#8217;information ou un visiteur du site web, vous &#8230;<\/p>\n","protected":false},"author":1,"featured_media":0,"parent":0,"menu_order":0,"comment_status":"closed","ping_status":"closed","template":"","meta":{"footnotes":""},"class_list":["post-204","page","type-page","status-publish","hentry"],"yoast_head":"<!-- This site is optimized with the Yoast SEO plugin v27.4 - https:\/\/yoast.com\/product\/yoast-seo-wordpress\/ -->\n<title>Politique de confidentialit\u00e9 - Difosis<\/title>\n<meta name=\"robots\" content=\"index, follow, max-snippet:-1, max-image-preview:large, max-video-preview:-1\" \/>\n<link rel=\"canonical\" href=\"https:\/\/www.difosis.com\/fr\/politique-de-confidentialite\/\" \/>\n<meta property=\"og:locale\" content=\"fr_FR\" \/>\n<meta property=\"og:type\" content=\"article\" \/>\n<meta property=\"og:title\" content=\"Politique de confidentialit\u00e9 - Difosis\" \/>\n<meta property=\"og:description\" content=\"Politique de confidentialit\u00e9 Si vous \u00eates un client, un abonn\u00e9 au bulletin d&#8217;information ou un visiteur du site web, vous ...\" \/>\n<meta property=\"og:url\" content=\"https:\/\/www.difosis.com\/fr\/politique-de-confidentialite\/\" \/>\n<meta property=\"og:site_name\" content=\"Difosis\" \/>\n<meta property=\"article:modified_time\" content=\"2024-09-03T18:38:03+00:00\" \/>\n<meta name=\"twitter:card\" content=\"summary_large_image\" \/>\n<meta name=\"twitter:label1\" content=\"Dur\u00e9e de lecture estim\u00e9e\" \/>\n\t<meta name=\"twitter:data1\" content=\"8 minutes\" \/>\n<script type=\"application\/ld+json\" class=\"yoast-schema-graph\">{\"@context\":\"https:\\\/\\\/schema.org\",\"@graph\":[{\"@type\":\"WebPage\",\"@id\":\"https:\\\/\\\/www.difosis.com\\\/fr\\\/politique-de-confidentialite\\\/\",\"url\":\"https:\\\/\\\/www.difosis.com\\\/fr\\\/politique-de-confidentialite\\\/\",\"name\":\"Politique de confidentialit\u00e9 - Difosis\",\"isPartOf\":{\"@id\":\"https:\\\/\\\/www.difosis.com\\\/fr\\\/#website\"},\"datePublished\":\"2024-09-03T18:28:26+00:00\",\"dateModified\":\"2024-09-03T18:38:03+00:00\",\"breadcrumb\":{\"@id\":\"https:\\\/\\\/www.difosis.com\\\/fr\\\/politique-de-confidentialite\\\/#breadcrumb\"},\"inLanguage\":\"fr-FR\",\"potentialAction\":[{\"@type\":\"ReadAction\",\"target\":[\"https:\\\/\\\/www.difosis.com\\\/fr\\\/politique-de-confidentialite\\\/\"]}]},{\"@type\":\"BreadcrumbList\",\"@id\":\"https:\\\/\\\/www.difosis.com\\\/fr\\\/politique-de-confidentialite\\\/#breadcrumb\",\"itemListElement\":[{\"@type\":\"ListItem\",\"position\":1,\"name\":\"Domovsk\u00e1 str\u00e1nka\",\"item\":\"https:\\\/\\\/www.difosis.com\\\/fr\\\/\"},{\"@type\":\"ListItem\",\"position\":2,\"name\":\"Politique de confidentialit\u00e9\"}]},{\"@type\":\"WebSite\",\"@id\":\"https:\\\/\\\/www.difosis.com\\\/fr\\\/#website\",\"url\":\"https:\\\/\\\/www.difosis.com\\\/fr\\\/\",\"name\":\"Difosis\",\"description\":\"\",\"potentialAction\":[{\"@type\":\"SearchAction\",\"target\":{\"@type\":\"EntryPoint\",\"urlTemplate\":\"https:\\\/\\\/www.difosis.com\\\/fr\\\/?s={search_term_string}\"},\"query-input\":{\"@type\":\"PropertyValueSpecification\",\"valueRequired\":true,\"valueName\":\"search_term_string\"}}],\"inLanguage\":\"fr-FR\"}]}<\/script>\n<!-- \/ Yoast SEO plugin. -->","yoast_head_json":{"title":"Politique de confidentialit\u00e9 - Difosis","robots":{"index":"index","follow":"follow","max-snippet":"max-snippet:-1","max-image-preview":"max-image-preview:large","max-video-preview":"max-video-preview:-1"},"canonical":"https:\/\/www.difosis.com\/fr\/politique-de-confidentialite\/","og_locale":"fr_FR","og_type":"article","og_title":"Politique de confidentialit\u00e9 - Difosis","og_description":"Politique de confidentialit\u00e9 Si vous \u00eates un client, un abonn\u00e9 au bulletin d&#8217;information ou un visiteur du site web, vous ...","og_url":"https:\/\/www.difosis.com\/fr\/politique-de-confidentialite\/","og_site_name":"Difosis","article_modified_time":"2024-09-03T18:38:03+00:00","twitter_card":"summary_large_image","twitter_misc":{"Dur\u00e9e de lecture estim\u00e9e":"8 minutes"},"schema":{"@context":"https:\/\/schema.org","@graph":[{"@type":"WebPage","@id":"https:\/\/www.difosis.com\/fr\/politique-de-confidentialite\/","url":"https:\/\/www.difosis.com\/fr\/politique-de-confidentialite\/","name":"Politique de confidentialit\u00e9 - Difosis","isPartOf":{"@id":"https:\/\/www.difosis.com\/fr\/#website"},"datePublished":"2024-09-03T18:28:26+00:00","dateModified":"2024-09-03T18:38:03+00:00","breadcrumb":{"@id":"https:\/\/www.difosis.com\/fr\/politique-de-confidentialite\/#breadcrumb"},"inLanguage":"fr-FR","potentialAction":[{"@type":"ReadAction","target":["https:\/\/www.difosis.com\/fr\/politique-de-confidentialite\/"]}]},{"@type":"BreadcrumbList","@id":"https:\/\/www.difosis.com\/fr\/politique-de-confidentialite\/#breadcrumb","itemListElement":[{"@type":"ListItem","position":1,"name":"Domovsk\u00e1 str\u00e1nka","item":"https:\/\/www.difosis.com\/fr\/"},{"@type":"ListItem","position":2,"name":"Politique de confidentialit\u00e9"}]},{"@type":"WebSite","@id":"https:\/\/www.difosis.com\/fr\/#website","url":"https:\/\/www.difosis.com\/fr\/","name":"Difosis","description":"","potentialAction":[{"@type":"SearchAction","target":{"@type":"EntryPoint","urlTemplate":"https:\/\/www.difosis.com\/fr\/?s={search_term_string}"},"query-input":{"@type":"PropertyValueSpecification","valueRequired":true,"valueName":"search_term_string"}}],"inLanguage":"fr-FR"}]}},"_links":{"self":[{"href":"https:\/\/www.difosis.com\/fr\/wp-json\/wp\/v2\/pages\/204","targetHints":{"allow":["GET"]}}],"collection":[{"href":"https:\/\/www.difosis.com\/fr\/wp-json\/wp\/v2\/pages"}],"about":[{"href":"https:\/\/www.difosis.com\/fr\/wp-json\/wp\/v2\/types\/page"}],"author":[{"embeddable":true,"href":"https:\/\/www.difosis.com\/fr\/wp-json\/wp\/v2\/users\/1"}],"replies":[{"embeddable":true,"href":"https:\/\/www.difosis.com\/fr\/wp-json\/wp\/v2\/comments?post=204"}],"version-history":[{"count":2,"href":"https:\/\/www.difosis.com\/fr\/wp-json\/wp\/v2\/pages\/204\/revisions"}],"predecessor-version":[{"id":208,"href":"https:\/\/www.difosis.com\/fr\/wp-json\/wp\/v2\/pages\/204\/revisions\/208"}],"wp:attachment":[{"href":"https:\/\/www.difosis.com\/fr\/wp-json\/wp\/v2\/media?parent=204"}],"curies":[{"name":"wp","href":"https:\/\/api.w.org\/{rel}","templated":true}]}}