{"id":18,"date":"2024-08-17T13:23:53","date_gmt":"2024-08-17T11:23:53","guid":{"rendered":"https:\/\/www.difosis.com\/fr\/?page_id=18"},"modified":"2024-10-05T19:48:44","modified_gmt":"2024-10-05T17:48:44","slug":"blog","status":"publish","type":"page","link":"https:\/\/www.difosis.com\/fr\/blog\/","title":{"rendered":"Blog"},"content":{"rendered":"\t\t<div data-elementor-type=\"wp-page\" data-elementor-id=\"18\" class=\"elementor elementor-18\" data-elementor-post-type=\"page\">\n\t\t\t\t<div class=\"elementor-element elementor-element-16f53228 e-con-full e-flex e-con e-parent\" data-id=\"16f53228\" data-element_type=\"container\" data-e-type=\"container\" data-settings=\"{&quot;background_background&quot;:&quot;classic&quot;}\">\n\t\t\t\t<div class=\"elementor-element elementor-element-3b5bedcf elementor-widget elementor-widget-heading\" data-id=\"3b5bedcf\" data-element_type=\"widget\" data-e-type=\"widget\" data-widget_type=\"heading.default\">\n\t\t\t\t<div class=\"elementor-widget-container\">\n\t\t\t\t\t<h1 class=\"elementor-heading-title elementor-size-default\">Blog<\/h1>\t\t\t\t<\/div>\n\t\t\t\t<\/div>\n\t\t\t\t<div class=\"elementor-element elementor-element-2ecd3265 elementor-widget elementor-widget-ucaddon_ue_buttons_post_filter\" data-id=\"2ecd3265\" data-element_type=\"widget\" data-e-type=\"widget\" data-widget_type=\"ucaddon_ue_buttons_post_filter.default\">\n\t\t\t\t<div class=\"elementor-widget-container\">\n\t\t\t\t\t\n<!-- start Tabs Filter -->\n\t\t<link id='font-awesome-css' href='https:\/\/www.difosis.com\/fr\/wp-content\/plugins\/unlimited-elements-for-elementor-premium\/assets_libraries\/font-awesome6\/fontawesome-all.min.css' type='text\/css' rel='stylesheet' >\n\t\t<link id='font-awesome-4-shim-css' href='https:\/\/www.difosis.com\/fr\/wp-content\/plugins\/unlimited-elements-for-elementor-premium\/assets_libraries\/font-awesome6\/fontawesome-v4-shims.min.css' type='text\/css' rel='stylesheet' >\n\n<style>\/* widget: Tabs Filter *\/\n\n#uc_ue_buttons_post_filter_elementor_2ecd3265.uc-filter-initing{\n    opacity:0.8;\n    cursor:default;\n}\n\n#uc_ue_buttons_post_filter_elementor_2ecd3265 .ue-debug-meta\n{\n  font-size:10px;\n  border:1px solid red;\n  padding:10px;\n}\n\n#uc_ue_buttons_post_filter_elementor_2ecd3265 .ue_taxonomy_image img\n{\n  display:block;\n}\n\n#uc_ue_buttons_post_filter_elementor_2ecd3265.ue_taxonomy\n{\n  flex-wrap: wrap;\n}\n\n#uc_ue_buttons_post_filter_elementor_2ecd3265 a.ue_taxonomy_item\n{\n  display:block;\n}\n\n\n\n#uc_ue_buttons_post_filter_elementor_2ecd3265 .uc-item-hidden{\n\tdisplay:none !important;\n}\n\n\n#uc_ue_buttons_post_filter_elementor_2ecd3265.uc-filter-initing a{\n   cursor:default;\n   background-color:lightgray !important;\n}\n\n#uc_ue_buttons_post_filter_elementor_2ecd3265.uc-filter-initing .ue_taxonomy_item_content{\n\tvisibility:hidden;\n}\n\n\n\n\n#uc_ue_buttons_post_filter_elementor_2ecd3265.uc-filter-hidden,\n#uc_ue_buttons_post_filter_elementor_2ecd3265.uc-filter-initing.uc-initing-filter-hidden{\n  display:none !important;\n}\n\n\n#uc_ue_buttons_post_filter_elementor_2ecd3265 .ue_taxonomy_item_content\n{\n  display:flex;\n  align-items:center;\n}\n\n#uc_ue_buttons_post_filter_elementor_2ecd3265 .ue_taxonomy_item_icon\n{\n  flex-grow:0;\n  flex-shrink:0;\n}\n\n#uc_ue_buttons_post_filter_elementor_2ecd3265 .ue_taxonomy_item_icon_spacer\n{\n  flex-grow:0;\n  flex-shrink:0;\n}\n\n#uc_ue_buttons_post_filter_elementor_2ecd3265 .ue_taxonomy_item_num_posts\n{\n  flex-grow:0;\n  flex-shrink:0;\n}\n\n#uc_ue_buttons_post_filter_elementor_2ecd3265 .ue_taxonomy_item_title\n{\n  flex-grow:1;\n}\n\n\n#uc_ue_buttons_post_filter_elementor_2ecd3265 .ue_taxonomy_item_num_posts_spacer\n{\n  flex-grow:0;\n  flex-shrink:0;\n}\n\n#uc_ue_buttons_post_filter_elementor_2ecd3265 .uc-hide-loading-item{\n\tdisplay:none !important;\n}\n\n\n#uc_ue_buttons_post_filter_elementor_2ecd3265-toggle\n{\n  display:none;\n}\n\n#uc_ue_buttons_post_filter_elementor_2ecd3265-toggle .#uc_ue_buttons_post_filter_elementor_2ecd3265-toggle\n{\n  display:none;\n}\n\n#uc_ue_buttons_post_filter_elementor_2ecd3265-toggle .ue_taxonomy_toggle_icon\n{\n  display:inline-flex;\n  align-items:center;\n  justify-content:center;\n  line-height:1em;\n  cursor:pointer;\n}\n\n#uc_ue_buttons_post_filter_elementor_2ecd3265-toggle .ue_taxonomy_toggle_icon svg\n{\n  height:1em;\n  width:1em;\n}\n\n\n#uc_ue_buttons_post_filter_elementor_2ecd3265-toggle .ue_taxonomy_toggle_icon_close\n{\n  display:none;\n}\n\n  #uc_ue_buttons_post_filter_elementor_2ecd3265 .uc-item-all .ue_taxonomy_item_num_posts_spacer,\n  #uc_ue_buttons_post_filter_elementor_2ecd3265 .uc-item-all .ue_taxonomy_item_num_posts{\n\t \tdisplay:none !important;\n  }\n\n\n\n\n<\/style>\n\n\n<div class=\"ue_taxonomy_toggle\" id=\"uc_ue_buttons_post_filter_elementor_2ecd3265-toggle\">\n  <div class=\"ue_taxonomy_toggle_icon\">\n    <div class=\"ue_taxonomy_toggle_icon_open\"><i class='fas fa-bars'><\/i><\/div>\n    <div class=\"ue_taxonomy_toggle_icon_close\"><i class='fas fa-times'><\/i><\/div>\n  <\/div>\n<\/div>\n\n\n<div id=\"uc_ue_buttons_post_filter_elementor_2ecd3265-container\">\n  \n<div id=\"uc_ue_buttons_post_filter_elementor_2ecd3265\" class=\"ue_taxonomy  uc-grid-filter\" data-isfilter=\"\" data-filtertype=\"terms_list\"  style=\"\">\n    \n    \n  \n      \n        \n  \t<a href=\"javascript:void(0)\" class=\"ue_taxonomy_item   \"  data-id=\"11\" data-type=\"term\" data-slug=\"constructions-ecologiques\" data-taxonomy=\"category\" data-title=\"Constructions \u00e9cologiques\" data-key=\"term|category|constructions-ecologiques\"     >\n          \n          \n   \n      \n    <div class=\"ue_taxonomy_item_content\">\n            <span  class=\"ue_taxonomy_item_title\">Constructions \u00e9cologiques<\/span>\n          <\/div>\n      \n            \n      \n            \n  <\/a>\n  \n  \n  \n  \n  \n  \n      \n        \n  \t<a href=\"javascript:void(0)\" class=\"ue_taxonomy_item   \"  data-id=\"1\" data-type=\"term\" data-slug=\"economie-et-investissement\" data-taxonomy=\"category\" data-title=\"\u00c9conomie et investissement\" data-key=\"term|category|economie-et-investissement\"     >\n          \n          \n   \n      \n    <div class=\"ue_taxonomy_item_content\">\n            <span  class=\"ue_taxonomy_item_title\">\u00c9conomie et investissement<\/span>\n          <\/div>\n      \n            \n      \n            \n  <\/a>\n  \n  \n  \n  \n  \n  \n      \n        \n  \t<a href=\"javascript:void(0)\" class=\"ue_taxonomy_item   \"  data-id=\"12\" data-type=\"term\" data-slug=\"emprunts-obligataires\" data-taxonomy=\"category\" data-title=\"Emprunts obligataires\" data-key=\"term|category|emprunts-obligataires\"     >\n          \n          \n   \n      \n    <div class=\"ue_taxonomy_item_content\">\n            <span  class=\"ue_taxonomy_item_title\">Emprunts obligataires<\/span>\n          <\/div>\n      \n            \n      \n            \n  <\/a>\n  \n  \n  \n  \n  \n  \n      \n        \n  \t<a href=\"javascript:void(0)\" class=\"ue_taxonomy_item   \"  data-id=\"13\" data-type=\"term\" data-slug=\"informations-generales\" data-taxonomy=\"category\" data-title=\"Informations g\u00e9n\u00e9rales\" data-key=\"term|category|informations-generales\"     >\n          \n          \n   \n      \n    <div class=\"ue_taxonomy_item_content\">\n            <span  class=\"ue_taxonomy_item_title\">Informations g\u00e9n\u00e9rales<\/span>\n          <\/div>\n      \n            \n      \n            \n  <\/a>\n  \n  \n  \n  \n  \n    \n<\/div>\n\n  \n<\/div>\n\n<!-- end Tabs Filter -->\t\t\t\t<\/div>\n\t\t\t\t<\/div>\n\t\t\t\t<\/div>\n\t\t<div class=\"elementor-element elementor-element-7713b655 e-flex e-con-boxed e-con e-parent\" data-id=\"7713b655\" data-element_type=\"container\" data-e-type=\"container\" data-settings=\"{&quot;background_background&quot;:&quot;classic&quot;}\">\n\t\t\t\t\t<div class=\"e-con-inner\">\n\t\t\t\t<div class=\"elementor-element elementor-element-6efbaae1 elementor-widget elementor-widget-ucaddon_post_grid\" data-id=\"6efbaae1\" data-element_type=\"widget\" data-e-type=\"widget\" data-widget_type=\"ucaddon_post_grid.default\">\n\t\t\t\t<div class=\"elementor-widget-container\">\n\t\t\t\t\t\n<!-- start Post Grid -->\n\n<style>\/* widget: Post Grid *\/\n\n\n\n#uc_post_grid_elementor_6efbaae1{\n  min-height: 1px;\n}\n\n#uc_post_grid_elementor_6efbaae1.uc_post_grid_style_one .uc_post_grid_style_one_wrap {\n   display:grid;\n}\n\n\n#uc_post_grid_elementor_6efbaae1 .uc_post_grid_style_one_item{\n  position:relative;\n}\n\n#uc_post_grid_elementor_6efbaae1 .uc_post_image{\n  transition:0.3s;\n  position:relative;\n  overflow:hidden;\n}\n\n#uc_post_grid_elementor_6efbaae1 .uc_post_image img{\n  width:100%;\n  display:block;\n  transition:0.3s;\n}\n\n\t\n\n#uc_post_grid_elementor_6efbaae1 .uc_post_image_overlay{\n  position:absolute;\n  top:0px;\n  left:0px;\n  height:100%;\n  width:100%;\n  transition:0.3s;\n}\n\n#uc_post_grid_elementor_6efbaae1 .uc_more_btn-custom-field{\n  display:inline-block;\n  text-align:center;\n  text-decoration:none;\n  transition:0.3s;\n}\n\n#uc_post_grid_elementor_6efbaae1 .uc_more_btn{\n  display:inline-block;\n  text-align:center;\n  text-decoration:none;\n  transition:0.3s;\n}\n\n.ue-grid-item-category a{\n  display:inline-block;\n  font-size:10px;\n  position: relative;\n  z-index: 1;\n}\n\n\n.uc_post_title{\n  font-size:21px;\n}\n\n\n\n  #uc_post_grid_elementor_6efbaae1 .ue_post_grid_item{\n    display:flex;\n    flex-direction:column;\n  }\n\n  #uc_post_grid_elementor_6efbaae1.uc_post_grid_style_one .uc_content{\n   flex-grow:1;\n  }\n\n  #uc_post_grid_elementor_6efbaae1.uc_post_grid_style_one .uc_content > div{\n    height:100%;\n    display:flex;\n    flex-direction:column;\n    justify-content: space-between;  }\n\n    #uc_post_grid_elementor_6efbaae1 .uc_post_button   {\n     margin-top:auto;\n   }\n  \n\n\n\n\n\n\n\n\n\n\n\n\n#uc_post_grid_elementor_6efbaae1 .ue-meta-data{  \n  display:flex !important;\n  flex-wrap: wrap;\n  line-height:1em;\n}\n\n#uc_post_grid_elementor_6efbaae1 .ue-grid-item-meta-data{\n  display:inline-flex;\n  align-items:center;\n}\n\n#uc_post_grid_elementor_6efbaae1 .ue-grid-item-meta-data a{\n  color:inherit;\n}\n\n.ue-grid-item-meta-data{\n  font-size:12px;\n}\n\n#uc_post_grid_elementor_6efbaae1 .ue-grid-item-meta-data-icon{\n  line-height:1em;\n}\n\n#uc_post_grid_elementor_6efbaae1 .ue-grid-item-meta-data-icon svg{\n  width:1em;\n  height:1em;\n}\n\n#uc_post_grid_elementor_6efbaae1 .ue-debug-meta{\n  padding:10px;\n  border:1px solid red;\n  position:relative;\n  line-height:1.5em;\n  font-size:11px;\n  width:100%;\n}\n\n#uc_post_grid_elementor_6efbaae1 .uc_btn_inner{\n  display:inline-flex;\n  align-items:center;\n}\n\n#uc_post_grid_elementor_6efbaae1 .uc_btn_inner svg{\n  width:1em;\n  height:1em;\n}\n\n  #uc_post_grid_elementor_6efbaae1 .ue_post_full_link{\n    position:absolute;\n    width:100%;\n    height:100%;\n    top:0;\n    left:0;\n  }\n\n\n#uc_post_grid_elementor_6efbaae1 .uc_content_inner{\n  width: 100%;\n}\n\n\n#uc_post_grid_elementor_6efbaae1_item1 [href=\"javascript:void(0)\"]{\n  cursor: unset;\n}\n\n\n<\/style>\n\n<div class=\"uc_post_grid_style_one uc-filterable-grid \" id=\"uc_post_grid_elementor_6efbaae1\"  data-ajax='true'  data-filterbehave='ajax'  data-filtergroup='group1'  querydata='{&quot;count_posts&quot;:1,&quot;total_posts&quot;:1,&quot;page&quot;:1,&quot;num_pages&quot;:1}' >\n\t\t<div class=\"uc_post_grid_style_one_wrap ue_post_grid uc-items-wrapper\">\n\t\t\t\n\n\n\n<div id=\"uc_post_grid_elementor_6efbaae1_item1\" class=\"uc_post_grid_style_one_item ue_post_grid_item ue-item \">\n  \n      <a class=\"uc_post_grid_style_one_image \" href='https:\/\/www.difosis.com\/fr\/2024\/08\/31\/investir-dans-les-obligations-types-risques-rendements-et-perspectives-de-marche-pour-2024\/' target=\"_self\">\n     <div class=\"uc_post_image\">\n       <img loading=\"lazy\" decoding=\"async\" src=\"data:image\/svg+xml,%3Csvg%20width%3D%22768%22%20height%3D%22509%22%20xmlns%3D%22http:\/\/www.w3.org\/2000\/svg%22%20viewBox%3D%220%200%20768%20509%22%3E%3C\/svg%3E\" alt=\"obligations\" width=\"768\" height=\"509\" class=\"fy-content__image fy-lazy js-lazy \" data-src=\"https:\/\/www.difosis.com\/fr\/wp-content\/uploads\/sites\/5\/2024\/09\/Dlhopisy-4-768x509.jpg\"><div class=\"fy-image-loading fy-image-loading--skeleton\" aria-hidden=\"true\"><\/div>\n\n       <div class=\"uc_post_image_overlay\"><\/div>\n     <\/div>\n    <\/a>\n   \n  <div class=\"uc_content\">\n    <div class=\"uc_content_inner\">\n      <div class=\"uc_content-info-wrapper\" >\n        \n                 \n        \t        \t\t      \t\t        \n        \t<div class=\"ue-grid-item-category\">\n                            \t              \t\t<a href=\"https:\/\/www.difosis.com\/fr\/category\/economie-et-investissement\/\" class=\"economie-et-investissement\">\u00c9conomie et investissement<\/a>\n              \t                      \t<\/div>        \n      \n              \n\n            \t\t\t<div class=\"uc_post_title\"><a class=\"\" href='https:\/\/www.difosis.com\/fr\/2024\/08\/31\/investir-dans-les-obligations-types-risques-rendements-et-perspectives-de-marche-pour-2024\/' target=\"_self\"><div class=\"ue_p_title\">Investir dans les obligations : Types, risques, rendements et perspectives de march\u00e9 pour 2024<\/div><\/a><\/div>\n      \t\n                      \n       \n        <div class=\"ue-meta-data\">\n            \n                \t    \n                \n        \n\t\n                \n                \n                \n                \n    \t\t\t\n      \n            \n  <\/div>\t\n      \t<div class=\"uc_post_text\">Investir dans des obligations peut offrir un flux fiable de revenus et une diversification du portefeuille,...<\/div>\n     \n                 \n                            \n                                  \n     <\/div>                      \n           <div class=\"uc_post_button\">\n        \n        <a class=\"uc_more_btn \" target=\"_self\" href='https:\/\/www.difosis.com\/fr\/2024\/08\/31\/investir-dans-les-obligations-types-risques-rendements-et-perspectives-de-marche-pour-2024\/'>\n          <div class=\"uc_btn_inner\">\n            <div class=\"uc_btn_txt\">Voir<\/div>\n                      <\/div>\n      \t<\/a>\n        \n                \n      <\/div>                           \n \t<\/div>  <\/div>      \n  <a class=\"ue_post_full_link \" href='https:\/\/www.difosis.com\/fr\/2024\/08\/31\/investir-dans-les-obligations-types-risques-rendements-et-perspectives-de-marche-pour-2024\/' target=\"_self\"><\/a>      \n<\/div>\n\n\t\t<\/div>\n\t<\/div>\n\n\n\n  <div id=\"uc_post_grid_elementor_6efbaae1_empty_message\" class=\"ue-no-posts-found\"  style=\"display:none\" >Nous n'avons trouv\u00e9 aucune contribution.<\/div>\n\n\n<!-- end Post Grid -->\t\t\t\t<\/div>\n\t\t\t\t<\/div>\n\t\t\t\t\t<\/div>\n\t\t\t\t<\/div>\n\t\t\t\t<\/div>\n\t\t","protected":false},"excerpt":{"rendered":"<p>Blog Constructions \u00e9cologiques \u00c9conomie et investissement Emprunts obligataires Informations g\u00e9n\u00e9rales \u00c9conomie et investissement Investir dans les obligations : Types, risques, &#8230;<\/p>\n","protected":false},"author":1,"featured_media":0,"parent":0,"menu_order":0,"comment_status":"closed","ping_status":"closed","template":"elementor_header_footer","meta":{"footnotes":""},"class_list":["post-18","page","type-page","status-publish","hentry"],"yoast_head":"<!-- This site is optimized with the Yoast SEO plugin v27.4 - https:\/\/yoast.com\/product\/yoast-seo-wordpress\/ -->\n<title>Blog - Difosis<\/title>\n<meta name=\"robots\" content=\"index, follow, max-snippet:-1, max-image-preview:large, max-video-preview:-1\" \/>\n<link rel=\"canonical\" href=\"https:\/\/www.difosis.com\/fr\/blog\/\" \/>\n<meta property=\"og:locale\" content=\"fr_FR\" \/>\n<meta property=\"og:type\" content=\"article\" \/>\n<meta property=\"og:title\" content=\"Blog - Difosis\" \/>\n<meta property=\"og:description\" content=\"Blog Constructions \u00e9cologiques \u00c9conomie et investissement Emprunts obligataires Informations g\u00e9n\u00e9rales \u00c9conomie et investissement Investir dans les obligations : Types, risques, ...\" \/>\n<meta property=\"og:url\" content=\"https:\/\/www.difosis.com\/fr\/blog\/\" \/>\n<meta property=\"og:site_name\" content=\"Difosis\" \/>\n<meta property=\"article:modified_time\" content=\"2024-10-05T17:48:44+00:00\" \/>\n<meta property=\"og:image\" content=\"https:\/\/www.difosis.com\/fr\/wp-content\/uploads\/sites\/5\/2024\/09\/Dlhopisy-4-768x509.jpg\" \/>\n<meta name=\"twitter:card\" content=\"summary_large_image\" \/>\n<meta name=\"twitter:label1\" content=\"Dur\u00e9e de lecture estim\u00e9e\" \/>\n\t<meta name=\"twitter:data1\" content=\"1 minute\" \/>\n<script type=\"application\/ld+json\" class=\"yoast-schema-graph\">{\"@context\":\"https:\\\/\\\/schema.org\",\"@graph\":[{\"@type\":\"WebPage\",\"@id\":\"https:\\\/\\\/www.difosis.com\\\/fr\\\/blog\\\/\",\"url\":\"https:\\\/\\\/www.difosis.com\\\/fr\\\/blog\\\/\",\"name\":\"Blog - Difosis\",\"isPartOf\":{\"@id\":\"https:\\\/\\\/www.difosis.com\\\/fr\\\/#website\"},\"primaryImageOfPage\":{\"@id\":\"https:\\\/\\\/www.difosis.com\\\/fr\\\/blog\\\/#primaryimage\"},\"image\":{\"@id\":\"https:\\\/\\\/www.difosis.com\\\/fr\\\/blog\\\/#primaryimage\"},\"thumbnailUrl\":\"https:\\\/\\\/www.difosis.com\\\/fr\\\/wp-content\\\/uploads\\\/sites\\\/5\\\/2024\\\/09\\\/Dlhopisy-4-768x509.jpg\",\"datePublished\":\"2024-08-17T11:23:53+00:00\",\"dateModified\":\"2024-10-05T17:48:44+00:00\",\"breadcrumb\":{\"@id\":\"https:\\\/\\\/www.difosis.com\\\/fr\\\/blog\\\/#breadcrumb\"},\"inLanguage\":\"fr-FR\",\"potentialAction\":[{\"@type\":\"ReadAction\",\"target\":[\"https:\\\/\\\/www.difosis.com\\\/fr\\\/blog\\\/\"]}]},{\"@type\":\"ImageObject\",\"inLanguage\":\"fr-FR\",\"@id\":\"https:\\\/\\\/www.difosis.com\\\/fr\\\/blog\\\/#primaryimage\",\"url\":\"https:\\\/\\\/www.difosis.com\\\/fr\\\/wp-content\\\/uploads\\\/sites\\\/5\\\/2024\\\/09\\\/Dlhopisy-4.jpg\",\"contentUrl\":\"https:\\\/\\\/www.difosis.com\\\/fr\\\/wp-content\\\/uploads\\\/sites\\\/5\\\/2024\\\/09\\\/Dlhopisy-4.jpg\",\"width\":1473,\"height\":976,\"caption\":\"obligations\"},{\"@type\":\"BreadcrumbList\",\"@id\":\"https:\\\/\\\/www.difosis.com\\\/fr\\\/blog\\\/#breadcrumb\",\"itemListElement\":[{\"@type\":\"ListItem\",\"position\":1,\"name\":\"Domovsk\u00e1 str\u00e1nka\",\"item\":\"https:\\\/\\\/www.difosis.com\\\/fr\\\/\"},{\"@type\":\"ListItem\",\"position\":2,\"name\":\"Blog\"}]},{\"@type\":\"WebSite\",\"@id\":\"https:\\\/\\\/www.difosis.com\\\/fr\\\/#website\",\"url\":\"https:\\\/\\\/www.difosis.com\\\/fr\\\/\",\"name\":\"Difosis\",\"description\":\"\",\"potentialAction\":[{\"@type\":\"SearchAction\",\"target\":{\"@type\":\"EntryPoint\",\"urlTemplate\":\"https:\\\/\\\/www.difosis.com\\\/fr\\\/?s={search_term_string}\"},\"query-input\":{\"@type\":\"PropertyValueSpecification\",\"valueRequired\":true,\"valueName\":\"search_term_string\"}}],\"inLanguage\":\"fr-FR\"}]}<\/script>\n<!-- \/ Yoast SEO plugin. -->","yoast_head_json":{"title":"Blog - Difosis","robots":{"index":"index","follow":"follow","max-snippet":"max-snippet:-1","max-image-preview":"max-image-preview:large","max-video-preview":"max-video-preview:-1"},"canonical":"https:\/\/www.difosis.com\/fr\/blog\/","og_locale":"fr_FR","og_type":"article","og_title":"Blog - Difosis","og_description":"Blog Constructions \u00e9cologiques \u00c9conomie et investissement Emprunts obligataires Informations g\u00e9n\u00e9rales \u00c9conomie et investissement Investir dans les obligations : Types, risques, ...","og_url":"https:\/\/www.difosis.com\/fr\/blog\/","og_site_name":"Difosis","article_modified_time":"2024-10-05T17:48:44+00:00","og_image":[{"url":"https:\/\/www.difosis.com\/fr\/wp-content\/uploads\/sites\/5\/2024\/09\/Dlhopisy-4-768x509.jpg","type":"","width":"","height":""}],"twitter_card":"summary_large_image","twitter_misc":{"Dur\u00e9e de lecture estim\u00e9e":"1 minute"},"schema":{"@context":"https:\/\/schema.org","@graph":[{"@type":"WebPage","@id":"https:\/\/www.difosis.com\/fr\/blog\/","url":"https:\/\/www.difosis.com\/fr\/blog\/","name":"Blog - Difosis","isPartOf":{"@id":"https:\/\/www.difosis.com\/fr\/#website"},"primaryImageOfPage":{"@id":"https:\/\/www.difosis.com\/fr\/blog\/#primaryimage"},"image":{"@id":"https:\/\/www.difosis.com\/fr\/blog\/#primaryimage"},"thumbnailUrl":"https:\/\/www.difosis.com\/fr\/wp-content\/uploads\/sites\/5\/2024\/09\/Dlhopisy-4-768x509.jpg","datePublished":"2024-08-17T11:23:53+00:00","dateModified":"2024-10-05T17:48:44+00:00","breadcrumb":{"@id":"https:\/\/www.difosis.com\/fr\/blog\/#breadcrumb"},"inLanguage":"fr-FR","potentialAction":[{"@type":"ReadAction","target":["https:\/\/www.difosis.com\/fr\/blog\/"]}]},{"@type":"ImageObject","inLanguage":"fr-FR","@id":"https:\/\/www.difosis.com\/fr\/blog\/#primaryimage","url":"https:\/\/www.difosis.com\/fr\/wp-content\/uploads\/sites\/5\/2024\/09\/Dlhopisy-4.jpg","contentUrl":"https:\/\/www.difosis.com\/fr\/wp-content\/uploads\/sites\/5\/2024\/09\/Dlhopisy-4.jpg","width":1473,"height":976,"caption":"obligations"},{"@type":"BreadcrumbList","@id":"https:\/\/www.difosis.com\/fr\/blog\/#breadcrumb","itemListElement":[{"@type":"ListItem","position":1,"name":"Domovsk\u00e1 str\u00e1nka","item":"https:\/\/www.difosis.com\/fr\/"},{"@type":"ListItem","position":2,"name":"Blog"}]},{"@type":"WebSite","@id":"https:\/\/www.difosis.com\/fr\/#website","url":"https:\/\/www.difosis.com\/fr\/","name":"Difosis","description":"","potentialAction":[{"@type":"SearchAction","target":{"@type":"EntryPoint","urlTemplate":"https:\/\/www.difosis.com\/fr\/?s={search_term_string}"},"query-input":{"@type":"PropertyValueSpecification","valueRequired":true,"valueName":"search_term_string"}}],"inLanguage":"fr-FR"}]}},"_links":{"self":[{"href":"https:\/\/www.difosis.com\/fr\/wp-json\/wp\/v2\/pages\/18","targetHints":{"allow":["GET"]}}],"collection":[{"href":"https:\/\/www.difosis.com\/fr\/wp-json\/wp\/v2\/pages"}],"about":[{"href":"https:\/\/www.difosis.com\/fr\/wp-json\/wp\/v2\/types\/page"}],"author":[{"embeddable":true,"href":"https:\/\/www.difosis.com\/fr\/wp-json\/wp\/v2\/users\/1"}],"replies":[{"embeddable":true,"href":"https:\/\/www.difosis.com\/fr\/wp-json\/wp\/v2\/comments?post=18"}],"version-history":[{"count":6,"href":"https:\/\/www.difosis.com\/fr\/wp-json\/wp\/v2\/pages\/18\/revisions"}],"predecessor-version":[{"id":477,"href":"https:\/\/www.difosis.com\/fr\/wp-json\/wp\/v2\/pages\/18\/revisions\/477"}],"wp:attachment":[{"href":"https:\/\/www.difosis.com\/fr\/wp-json\/wp\/v2\/media?parent=18"}],"curies":[{"name":"wp","href":"https:\/\/api.w.org\/{rel}","templated":true}]}}