{"id":10,"date":"2025-05-27T18:08:21","date_gmt":"2025-05-27T16:08:21","guid":{"rendered":"https:\/\/www.difosis.com\/es\/?page_id=10"},"modified":"2025-07-23T01:17:06","modified_gmt":"2025-07-22T23:17:06","slug":"referencias","status":"publish","type":"page","link":"https:\/\/www.difosis.com\/es\/referencias\/","title":{"rendered":"Referencias"},"content":{"rendered":"\n<h2 class=\"wp-block-heading has-text-align-center\">Vea una descripci\u00f3n general de nuestros edificios energ\u00e9ticamente eficientes<\/h2>\n\n\n\n<h3 class=\"wp-block-heading has-text-align-center is-style-subtitle\">a trav\u00e9s de los cuales hemos contribuido a mejorar las condiciones de vida<\/h3>\n\n\n\n<div style=\"height:80px\" aria-hidden=\"true\" class=\"wp-block-spacer\"><\/div>\n\n\n\n<figure class=\"wp-block-gallery alignfull has-nested-images columns-4 is-cropped wp-block-gallery-1 is-layout-flex wp-block-gallery-is-layout-flex\">\n<figure class=\"wp-block-image size-large\"><a href=\"https:\/\/www.difosis.com\/en\/wp-content\/uploads\/sites\/2\/2022\/08\/zelena-budova.jpg\" data-size=\"1920x1080\" class=\"js-image\"><img decoding=\"async\" data-id=\"54\" src=\"https:\/\/www.difosis.com\/en\/wp-content\/uploads\/sites\/2\/2022\/08\/zelena-budova.jpg\" alt=\"Zelen\u00e1 budova\" class=\"fy-content__image fy-lazy js-lazy 1\" data-src=\"https:\/\/www.difosis.com\/en\/wp-content\/uploads\/sites\/2\/2022\/08\/zelena-budova.jpg\"><div class=\"fy-image-loading fy-image-loading--skeleton\" aria-hidden=\"true\"><\/div>\n<\/a><\/figure>\n\n\n\n<figure class=\"wp-block-image size-large\"><a href=\"https:\/\/www.difosis.com\/en\/wp-content\/uploads\/sites\/2\/2022\/08\/ekologicky-dom.jpg\" data-size=\"1920x1080\" class=\"js-image\"><img decoding=\"async\" data-id=\"35\" src=\"https:\/\/www.difosis.com\/en\/wp-content\/uploads\/sites\/2\/2022\/08\/ekologicky-dom.jpg\" alt=\"Ekologick\u00fd dom\" class=\"fy-content__image fy-lazy js-lazy 1\" data-src=\"https:\/\/www.difosis.com\/en\/wp-content\/uploads\/sites\/2\/2022\/08\/ekologicky-dom.jpg\"><div class=\"fy-image-loading fy-image-loading--skeleton\" aria-hidden=\"true\"><\/div>\n<\/a><\/figure>\n\n\n\n<figure class=\"wp-block-image size-large\"><a href=\"https:\/\/www.difosis.com\/en\/wp-content\/uploads\/sites\/2\/2022\/08\/ekologicky-dom-s-bazenom.jpg\" data-size=\"1920x1080\" class=\"js-image\"><img decoding=\"async\" data-id=\"34\" src=\"https:\/\/www.difosis.com\/en\/wp-content\/uploads\/sites\/2\/2022\/08\/ekologicky-dom-s-bazenom.jpg\" alt=\"Ekologick\u00fd dom s baz\u00e9nom\" class=\"fy-content__image fy-lazy js-lazy 1\" data-src=\"https:\/\/www.difosis.com\/en\/wp-content\/uploads\/sites\/2\/2022\/08\/ekologicky-dom-s-bazenom.jpg\"><div class=\"fy-image-loading fy-image-loading--skeleton\" aria-hidden=\"true\"><\/div>\n<\/a><\/figure>\n\n\n\n<figure class=\"wp-block-image size-large\"><a href=\"https:\/\/www.difosis.com\/en\/wp-content\/uploads\/sites\/2\/2022\/08\/ekologicky-hotel.jpg\" data-size=\"1920x1080\" class=\"js-image\"><img decoding=\"async\" data-id=\"25\" src=\"https:\/\/www.difosis.com\/en\/wp-content\/uploads\/sites\/2\/2022\/08\/ekologicky-hotel.jpg\" alt=\"Ekologick\u00fd hotel\" class=\"fy-content__image fy-lazy js-lazy 1\" data-src=\"https:\/\/www.difosis.com\/en\/wp-content\/uploads\/sites\/2\/2022\/08\/ekologicky-hotel.jpg\"><div class=\"fy-image-loading fy-image-loading--skeleton\" aria-hidden=\"true\"><\/div>\n<\/a><\/figure>\n<\/figure>\n\n\n\t\t<div data-elementor-type=\"container\" data-elementor-id=\"58\" class=\"elementor elementor-58\" data-elementor-post-type=\"elementor_library\">\n\t\t\t\t<div class=\"elementor-element elementor-element-40d28550 e-flex e-con-boxed e-con e-parent\" data-id=\"40d28550\" data-element_type=\"container\" data-e-type=\"container\">\n\t\t\t\t\t<div class=\"e-con-inner\">\n\t\t\t\t<div class=\"elementor-element elementor-element-63cf1749 elementor-widget elementor-widget-heading\" data-id=\"63cf1749\" data-element_type=\"widget\" data-e-type=\"widget\" data-widget_type=\"heading.default\">\n\t\t\t\t<div class=\"elementor-widget-container\">\n\t\t\t\t\t<h2 class=\"elementor-heading-title elementor-size-default\">Fuente de agua geot\u00e9rmica<\/h2>\t\t\t\t<\/div>\n\t\t\t\t<\/div>\n\t\t\t\t\t<\/div>\n\t\t\t\t<\/div>\n\t\t<div class=\"elementor-element elementor-element-65020667 e-flex e-con-boxed e-con e-parent\" data-id=\"65020667\" data-element_type=\"container\" data-e-type=\"container\">\n\t\t\t\t\t<div class=\"e-con-inner\">\n\t\t\t\t<div class=\"elementor-element elementor-element-661c093a elementor-widget elementor-widget-heading\" data-id=\"661c093a\" data-element_type=\"widget\" data-e-type=\"widget\" data-widget_type=\"heading.default\">\n\t\t\t\t<div class=\"elementor-widget-container\">\n\t\t\t\t\t<h2 class=\"elementor-heading-title elementor-size-default\">Construcci\u00f3n de viviendas familiares<\/h2>\t\t\t\t<\/div>\n\t\t\t\t<\/div>\n\t\t\t\t\t<\/div>\n\t\t\t\t<\/div>\n\t\t\t\t<\/div>\n\t\t\n","protected":false},"excerpt":{"rendered":"<p>Vea una descripci\u00f3n general de nuestros edificios energ\u00e9ticamente eficientes a trav\u00e9s de los cuales hemos contribuido a mejorar las condiciones &#8230;<\/p>\n","protected":false},"author":1,"featured_media":72,"parent":0,"menu_order":0,"comment_status":"closed","ping_status":"closed","template":"template-references.php","meta":{"footnotes":""},"class_list":["post-10","page","type-page","status-publish","has-post-thumbnail","hentry"],"yoast_head":"<!-- This site is optimized with the Yoast SEO plugin v27.4 - https:\/\/yoast.com\/product\/yoast-seo-wordpress\/ -->\n<title>Referencias - Difosis<\/title>\n<meta name=\"robots\" content=\"index, follow, max-snippet:-1, max-image-preview:large, max-video-preview:-1\" \/>\n<link rel=\"canonical\" href=\"https:\/\/www.difosis.com\/es\/referencias\/\" \/>\n<meta property=\"og:locale\" content=\"es_ES\" \/>\n<meta property=\"og:type\" content=\"article\" \/>\n<meta property=\"og:title\" content=\"Referencias - Difosis\" \/>\n<meta property=\"og:description\" content=\"Vea una descripci\u00f3n general de nuestros edificios energ\u00e9ticamente eficientes a trav\u00e9s de los cuales hemos contribuido a mejorar las condiciones ...\" \/>\n<meta property=\"og:url\" content=\"https:\/\/www.difosis.com\/es\/referencias\/\" \/>\n<meta property=\"og:site_name\" content=\"Difosis\" \/>\n<meta property=\"article:modified_time\" content=\"2025-07-22T23:17:06+00:00\" \/>\n<meta property=\"og:image\" content=\"https:\/\/www.difosis.com\/es\/wp-content\/uploads\/sites\/9\/2025\/05\/ekologicky-hotel.jpg\" \/>\n\t<meta property=\"og:image:width\" content=\"1920\" \/>\n\t<meta property=\"og:image:height\" content=\"1080\" \/>\n\t<meta property=\"og:image:type\" content=\"image\/jpeg\" \/>\n<meta name=\"twitter:card\" content=\"summary_large_image\" \/>\n<meta name=\"twitter:label1\" content=\"Tiempo de lectura\" \/>\n\t<meta name=\"twitter:data1\" content=\"2 minutos\" \/>\n<script type=\"application\/ld+json\" class=\"yoast-schema-graph\">{\"@context\":\"https:\\\/\\\/schema.org\",\"@graph\":[{\"@type\":\"WebPage\",\"@id\":\"https:\\\/\\\/www.difosis.com\\\/es\\\/referencias\\\/\",\"url\":\"https:\\\/\\\/www.difosis.com\\\/es\\\/referencias\\\/\",\"name\":\"Referencias - Difosis\",\"isPartOf\":{\"@id\":\"https:\\\/\\\/www.difosis.com\\\/es\\\/#website\"},\"primaryImageOfPage\":{\"@id\":\"https:\\\/\\\/www.difosis.com\\\/es\\\/referencias\\\/#primaryimage\"},\"image\":{\"@id\":\"https:\\\/\\\/www.difosis.com\\\/es\\\/referencias\\\/#primaryimage\"},\"thumbnailUrl\":\"https:\\\/\\\/www.difosis.com\\\/es\\\/wp-content\\\/uploads\\\/sites\\\/9\\\/2025\\\/05\\\/ekologicky-hotel.jpg\",\"datePublished\":\"2025-05-27T16:08:21+00:00\",\"dateModified\":\"2025-07-22T23:17:06+00:00\",\"breadcrumb\":{\"@id\":\"https:\\\/\\\/www.difosis.com\\\/es\\\/referencias\\\/#breadcrumb\"},\"inLanguage\":\"es\",\"potentialAction\":[{\"@type\":\"ReadAction\",\"target\":[\"https:\\\/\\\/www.difosis.com\\\/es\\\/referencias\\\/\"]}]},{\"@type\":\"ImageObject\",\"inLanguage\":\"es\",\"@id\":\"https:\\\/\\\/www.difosis.com\\\/es\\\/referencias\\\/#primaryimage\",\"url\":\"https:\\\/\\\/www.difosis.com\\\/es\\\/wp-content\\\/uploads\\\/sites\\\/9\\\/2025\\\/05\\\/ekologicky-hotel.jpg\",\"contentUrl\":\"https:\\\/\\\/www.difosis.com\\\/es\\\/wp-content\\\/uploads\\\/sites\\\/9\\\/2025\\\/05\\\/ekologicky-hotel.jpg\",\"width\":1920,\"height\":1080},{\"@type\":\"BreadcrumbList\",\"@id\":\"https:\\\/\\\/www.difosis.com\\\/es\\\/referencias\\\/#breadcrumb\",\"itemListElement\":[{\"@type\":\"ListItem\",\"position\":1,\"name\":\"Domovsk\u00e1 str\u00e1nka\",\"item\":\"https:\\\/\\\/www.difosis.com\\\/es\\\/\"},{\"@type\":\"ListItem\",\"position\":2,\"name\":\"Referencias\"}]},{\"@type\":\"WebSite\",\"@id\":\"https:\\\/\\\/www.difosis.com\\\/es\\\/#website\",\"url\":\"https:\\\/\\\/www.difosis.com\\\/es\\\/\",\"name\":\"Difosis\",\"description\":\"\",\"potentialAction\":[{\"@type\":\"SearchAction\",\"target\":{\"@type\":\"EntryPoint\",\"urlTemplate\":\"https:\\\/\\\/www.difosis.com\\\/es\\\/?s={search_term_string}\"},\"query-input\":{\"@type\":\"PropertyValueSpecification\",\"valueRequired\":true,\"valueName\":\"search_term_string\"}}],\"inLanguage\":\"es\"}]}<\/script>\n<!-- \/ Yoast SEO plugin. -->","yoast_head_json":{"title":"Referencias - Difosis","robots":{"index":"index","follow":"follow","max-snippet":"max-snippet:-1","max-image-preview":"max-image-preview:large","max-video-preview":"max-video-preview:-1"},"canonical":"https:\/\/www.difosis.com\/es\/referencias\/","og_locale":"es_ES","og_type":"article","og_title":"Referencias - Difosis","og_description":"Vea una descripci\u00f3n general de nuestros edificios energ\u00e9ticamente eficientes a trav\u00e9s de los cuales hemos contribuido a mejorar las condiciones ...","og_url":"https:\/\/www.difosis.com\/es\/referencias\/","og_site_name":"Difosis","article_modified_time":"2025-07-22T23:17:06+00:00","og_image":[{"width":1920,"height":1080,"url":"https:\/\/www.difosis.com\/es\/wp-content\/uploads\/sites\/9\/2025\/05\/ekologicky-hotel.jpg","type":"image\/jpeg"}],"twitter_card":"summary_large_image","twitter_misc":{"Tiempo de lectura":"2 minutos"},"schema":{"@context":"https:\/\/schema.org","@graph":[{"@type":"WebPage","@id":"https:\/\/www.difosis.com\/es\/referencias\/","url":"https:\/\/www.difosis.com\/es\/referencias\/","name":"Referencias - Difosis","isPartOf":{"@id":"https:\/\/www.difosis.com\/es\/#website"},"primaryImageOfPage":{"@id":"https:\/\/www.difosis.com\/es\/referencias\/#primaryimage"},"image":{"@id":"https:\/\/www.difosis.com\/es\/referencias\/#primaryimage"},"thumbnailUrl":"https:\/\/www.difosis.com\/es\/wp-content\/uploads\/sites\/9\/2025\/05\/ekologicky-hotel.jpg","datePublished":"2025-05-27T16:08:21+00:00","dateModified":"2025-07-22T23:17:06+00:00","breadcrumb":{"@id":"https:\/\/www.difosis.com\/es\/referencias\/#breadcrumb"},"inLanguage":"es","potentialAction":[{"@type":"ReadAction","target":["https:\/\/www.difosis.com\/es\/referencias\/"]}]},{"@type":"ImageObject","inLanguage":"es","@id":"https:\/\/www.difosis.com\/es\/referencias\/#primaryimage","url":"https:\/\/www.difosis.com\/es\/wp-content\/uploads\/sites\/9\/2025\/05\/ekologicky-hotel.jpg","contentUrl":"https:\/\/www.difosis.com\/es\/wp-content\/uploads\/sites\/9\/2025\/05\/ekologicky-hotel.jpg","width":1920,"height":1080},{"@type":"BreadcrumbList","@id":"https:\/\/www.difosis.com\/es\/referencias\/#breadcrumb","itemListElement":[{"@type":"ListItem","position":1,"name":"Domovsk\u00e1 str\u00e1nka","item":"https:\/\/www.difosis.com\/es\/"},{"@type":"ListItem","position":2,"name":"Referencias"}]},{"@type":"WebSite","@id":"https:\/\/www.difosis.com\/es\/#website","url":"https:\/\/www.difosis.com\/es\/","name":"Difosis","description":"","potentialAction":[{"@type":"SearchAction","target":{"@type":"EntryPoint","urlTemplate":"https:\/\/www.difosis.com\/es\/?s={search_term_string}"},"query-input":{"@type":"PropertyValueSpecification","valueRequired":true,"valueName":"search_term_string"}}],"inLanguage":"es"}]}},"_links":{"self":[{"href":"https:\/\/www.difosis.com\/es\/wp-json\/wp\/v2\/pages\/10","targetHints":{"allow":["GET"]}}],"collection":[{"href":"https:\/\/www.difosis.com\/es\/wp-json\/wp\/v2\/pages"}],"about":[{"href":"https:\/\/www.difosis.com\/es\/wp-json\/wp\/v2\/types\/page"}],"author":[{"embeddable":true,"href":"https:\/\/www.difosis.com\/es\/wp-json\/wp\/v2\/users\/1"}],"replies":[{"embeddable":true,"href":"https:\/\/www.difosis.com\/es\/wp-json\/wp\/v2\/comments?post=10"}],"version-history":[{"count":4,"href":"https:\/\/www.difosis.com\/es\/wp-json\/wp\/v2\/pages\/10\/revisions"}],"predecessor-version":[{"id":243,"href":"https:\/\/www.difosis.com\/es\/wp-json\/wp\/v2\/pages\/10\/revisions\/243"}],"wp:featuredmedia":[{"embeddable":true,"href":"https:\/\/www.difosis.com\/es\/wp-json\/wp\/v2\/media\/72"}],"wp:attachment":[{"href":"https:\/\/www.difosis.com\/es\/wp-json\/wp\/v2\/media?parent=10"}],"curies":[{"name":"wp","href":"https:\/\/api.w.org\/{rel}","templated":true}]}}